{"id":394,"date":"2025-04-07T16:52:15","date_gmt":"2025-04-07T16:52:15","guid":{"rendered":"https:\/\/luispulidomusic.com\/biography-2\/"},"modified":"2025-04-15T15:06:49","modified_gmt":"2025-04-15T15:06:49","slug":"biografia","status":"publish","type":"page","link":"https:\/\/luispulidomusic.com\/en\/biografia\/","title":{"rendered":"Biography"},"content":{"rendered":"<div data-elementor-type=\"wp-page\" data-elementor-id=\"394\" class=\"elementor elementor-394\">\n\t\t\t\t<div class=\"elementor-element elementor-element-ea58892 e-flex e-con-boxed e-con e-parent\" data-id=\"ea58892\" data-element_type=\"container\">\n\t\t\t\t\t<div class=\"e-con-inner\">\n\t\t<div class=\"elementor-element elementor-element-db15144 e-con-full e-flex e-con e-child\" data-id=\"db15144\" data-element_type=\"container\">\n\t\t\t\t<div class=\"elementor-element elementor-element-2ed3dc3 elementor-widget elementor-widget-heading\" data-id=\"2ed3dc3\" data-element_type=\"widget\" data-widget_type=\"heading.default\">\n\t\t\t\t<div class=\"elementor-widget-container\">\n\t\t\t\t\t<h1 class=\"elementor-heading-title elementor-size-default\">Biography<\/h1>\t\t\t\t<\/div>\n\t\t\t\t<\/div>\n\t\t\t\t<div class=\"elementor-element elementor-element-60767b2 elementor-widget elementor-widget-image\" data-id=\"60767b2\" data-element_type=\"widget\" data-widget_type=\"image.default\">\n\t\t\t\t<div class=\"elementor-widget-container\">\n\t\t\t\t\t\t\t\t\t\t\t\t\t\t\t<img fetchpriority=\"high\" decoding=\"async\" width=\"1536\" height=\"1025\" src=\"https:\/\/luispulidomusic.com\/wp-content\/uploads\/2025\/04\/AL_0208-1536x1025.webp\" class=\"attachment-1536x1536 size-1536x1536 wp-image-1634\" alt=\"\" srcset=\"https:\/\/luispulidomusic.com\/wp-content\/uploads\/2025\/04\/AL_0208-1536x1025.webp 1536w, https:\/\/luispulidomusic.com\/wp-content\/uploads\/2025\/04\/AL_0208-300x200.webp 300w, https:\/\/luispulidomusic.com\/wp-content\/uploads\/2025\/04\/AL_0208-1024x683.webp 1024w, https:\/\/luispulidomusic.com\/wp-content\/uploads\/2025\/04\/AL_0208-768x512.webp 768w, https:\/\/luispulidomusic.com\/wp-content\/uploads\/2025\/04\/AL_0208-2048x1366.jpg 2048w, https:\/\/luispulidomusic.com\/wp-content\/uploads\/2025\/04\/AL_0208-18x12.jpg 18w, https:\/\/luispulidomusic.com\/wp-content\/uploads\/2025\/04\/AL_0208-scaled.webp 1920w\" sizes=\"(max-width: 1536px) 100vw, 1536px\" \/>\t\t\t\t\t\t\t\t\t\t\t\t\t\t\t<\/div>\n\t\t\t\t<\/div>\n\t\t<div class=\"elementor-element elementor-element-3ea448e e-con-full e-flex e-con e-child\" data-id=\"3ea448e\" data-element_type=\"container\">\n\t\t<div class=\"elementor-element elementor-element-bd60ffc e-con-full e-flex e-con e-child\" data-id=\"bd60ffc\" data-element_type=\"container\">\n\t\t\t\t<div class=\"elementor-element elementor-element-a822785 elementor-widget__width-initial elementor-widget elementor-widget-heading\" data-id=\"a822785\" data-element_type=\"widget\" data-widget_type=\"heading.default\">\n\t\t\t\t<div class=\"elementor-widget-container\">\n\t\t\t\t\t<h2 class=\"elementor-heading-title elementor-size-default\">Luis Pulido <br>Hurtado<\/h2>\t\t\t\t<\/div>\n\t\t\t\t<\/div>\n\t\t\t\t<div class=\"elementor-element elementor-element-8a80693 elementor-widget elementor-widget-text-editor\" data-id=\"8a80693\" data-element_type=\"widget\" data-widget_type=\"text-editor.default\">\n\t\t\t\t<div class=\"elementor-widget-container\">\n\t\t\t\t\t\t\t\t\t<p>Born in Bogot\u00e1 in 1958, he is a distinguished Colombian composer, flutist, and educator, recognized for his influential role in post-serial music. His remarkable career has been honored with prestigious awards such as the National Composition Prize from Colcultura in 1994 and 1995, as well as the National Composition Prize granted by the Colombian Ministry of Culture in 2006. He has also received international recognition, including the Jonathan Durington Student Composition Awards in Dallas-Fort Worth, Texas, USA. Pulido was guided in his musical development by eminent mentors such as Jes\u00fas Pinz\u00f3n Urrea and Franco Donatoni.<\/p><p>\u00a0<\/p><p>Since 1990, he has played an active role as a board member of the now-defunct Bogot\u00e1 International Festival of Contemporary Music, even serving as artistic director on several occasions. In 2006, the Concert Hall of the Luis \u00c1ngel Arango Library in Bogot\u00e1 dedicated a monographic concert to him as part of the \u201cPortraits of a Composer\u201d series. His versatile repertoire includes chamber music, solo instrumental works, and orchestral compositions.<\/p><p>\u00a0<\/p><p>In addition, for over 40 years, he was a prominent member of the Bogot\u00e1 Philharmonic Orchestra, where he not only premiered several of his own works but also performed as a soloist. After the passing of Donatoni, a tribute concert was held in Mexico, where Luis Pulido\u2019s piece Gu\u00e1charo was selected as an homage. His valuable academic work includes 25 years of teaching at the Universidad de los Andes, where his students have earned international recognition.<\/p><p>\u00a0<\/p><p>Pulido has been awarded the National Composition Prize on three occasions, highlighting his outstanding contribution to the Colombian musical landscape. His compositions have transcended borders, being performed in countries such as Panama, Ecuador, and Hungary (Budapest). He also received the award from the Festival des 3 Continents in Nantes, France, and was selected to participate in the UNESCO National Music Tribune in 1990, 1994, and 2001, further solidifying his international prestige.<\/p>\t\t\t\t\t\t\t\t<\/div>\n\t\t\t\t<\/div>\n\t\t\t\t<\/div>\n\t\t\t\t<\/div>\n\t\t\t\t<\/div>\n\t\t\t\t\t<\/div>\n\t\t\t\t<\/div>\n\t\t<div class=\"elementor-element elementor-element-af92336 e-con-full e-flex e-con e-parent\" data-id=\"af92336\" data-element_type=\"container\">\n\t\t<div class=\"elementor-element elementor-element-5489be1 e-con-full e-flex e-con e-child\" data-id=\"5489be1\" data-element_type=\"container\">\n\t\t\t\t<div class=\"elementor-element elementor-element-b48c0c9 elementor-widget elementor-widget-image\" data-id=\"b48c0c9\" data-element_type=\"widget\" data-widget_type=\"image.default\">\n\t\t\t\t<div class=\"elementor-widget-container\">\n\t\t\t\t\t\t\t\t\t\t\t\t\t\t\t<img decoding=\"async\" width=\"1920\" height=\"1281\" src=\"https:\/\/luispulidomusic.com\/wp-content\/uploads\/2025\/04\/LuisPulido-07-scaled.webp\" class=\"attachment-full size-full wp-image-53\" alt=\"\" srcset=\"https:\/\/luispulidomusic.com\/wp-content\/uploads\/2025\/04\/LuisPulido-07-scaled.webp 1920w, https:\/\/luispulidomusic.com\/wp-content\/uploads\/2025\/04\/LuisPulido-07-300x200.webp 300w, https:\/\/luispulidomusic.com\/wp-content\/uploads\/2025\/04\/LuisPulido-07-1024x683.webp 1024w, https:\/\/luispulidomusic.com\/wp-content\/uploads\/2025\/04\/LuisPulido-07-768x512.webp 768w, https:\/\/luispulidomusic.com\/wp-content\/uploads\/2025\/04\/LuisPulido-07-1536x1025.webp 1536w\" sizes=\"(max-width: 1920px) 100vw, 1920px\" \/>\t\t\t\t\t\t\t\t\t\t\t\t\t\t\t<\/div>\n\t\t\t\t<\/div>\n\t\t\t\t<\/div>\n\t\t<div class=\"elementor-element elementor-element-bef33eb e-con-full e-flex e-con e-child\" data-id=\"bef33eb\" data-element_type=\"container\">\n\t\t\t\t<div class=\"elementor-element elementor-element-115b9c3 elementor-widget elementor-widget-image\" data-id=\"115b9c3\" data-element_type=\"widget\" data-widget_type=\"image.default\">\n\t\t\t\t<div class=\"elementor-widget-container\">\n\t\t\t\t\t\t\t\t\t\t\t\t\t\t\t<img decoding=\"async\" width=\"1281\" height=\"1920\" src=\"https:\/\/luispulidomusic.com\/wp-content\/uploads\/2025\/04\/AL_0278.webp\" class=\"attachment-full size-full wp-image-1638\" alt=\"\" srcset=\"https:\/\/luispulidomusic.com\/wp-content\/uploads\/2025\/04\/AL_0278.webp 1281w, https:\/\/luispulidomusic.com\/wp-content\/uploads\/2025\/04\/AL_0278-200x300.webp 200w, https:\/\/luispulidomusic.com\/wp-content\/uploads\/2025\/04\/AL_0278-683x1024.webp 683w, https:\/\/luispulidomusic.com\/wp-content\/uploads\/2025\/04\/AL_0278-768x1151.webp 768w, https:\/\/luispulidomusic.com\/wp-content\/uploads\/2025\/04\/AL_0278-1025x1536.webp 1025w, https:\/\/luispulidomusic.com\/wp-content\/uploads\/2025\/04\/AL_0278-8x12.webp 8w\" sizes=\"(max-width: 1281px) 100vw, 1281px\" \/>\t\t\t\t\t\t\t\t\t\t\t\t\t\t\t<\/div>\n\t\t\t\t<\/div>\n\t\t\t\t<\/div>\n\t\t<div class=\"elementor-element elementor-element-3c9d472 e-con-full e-flex e-con e-child\" data-id=\"3c9d472\" data-element_type=\"container\">\n\t\t\t\t<div class=\"elementor-element elementor-element-9145c37 elementor-widget elementor-widget-image\" data-id=\"9145c37\" data-element_type=\"widget\" data-widget_type=\"image.default\">\n\t\t\t\t<div class=\"elementor-widget-container\">\n\t\t\t\t\t\t\t\t\t\t\t\t\t\t\t<img decoding=\"async\" src=\"https:\/\/luispulidomusic.com\/wp-content\/uploads\/2025\/04\/AL_0303.webp\" title=\"_AL_0303\" alt=\"_AL_0303\" loading=\"lazy\" \/>\t\t\t\t\t\t\t\t\t\t\t\t\t\t\t<\/div>\n\t\t\t\t<\/div>\n\t\t\t\t<\/div>\n\t\t<div class=\"elementor-element elementor-element-470973d e-con-full e-flex e-con e-child\" data-id=\"470973d\" data-element_type=\"container\">\n\t\t\t\t<div class=\"elementor-element elementor-element-a403bce elementor-widget elementor-widget-image\" data-id=\"a403bce\" data-element_type=\"widget\" data-widget_type=\"image.default\">\n\t\t\t\t<div class=\"elementor-widget-container\">\n\t\t\t\t\t\t\t\t\t\t\t\t\t\t\t<img loading=\"lazy\" decoding=\"async\" width=\"1281\" height=\"1920\" src=\"https:\/\/luispulidomusic.com\/wp-content\/uploads\/2025\/04\/LuisPulido-01-scaled.webp\" class=\"attachment-full size-full wp-image-47\" alt=\"\" srcset=\"https:\/\/luispulidomusic.com\/wp-content\/uploads\/2025\/04\/LuisPulido-01-scaled.webp 1281w, https:\/\/luispulidomusic.com\/wp-content\/uploads\/2025\/04\/LuisPulido-01-200x300.webp 200w, https:\/\/luispulidomusic.com\/wp-content\/uploads\/2025\/04\/LuisPulido-01-683x1024.webp 683w, https:\/\/luispulidomusic.com\/wp-content\/uploads\/2025\/04\/LuisPulido-01-768x1151.webp 768w, https:\/\/luispulidomusic.com\/wp-content\/uploads\/2025\/04\/LuisPulido-01-1025x1536.webp 1025w\" sizes=\"(max-width: 1281px) 100vw, 1281px\" \/>\t\t\t\t\t\t\t\t\t\t\t\t\t\t\t<\/div>\n\t\t\t\t<\/div>\n\t\t\t\t<\/div>\n\t\t<div class=\"elementor-element elementor-element-8ae8f3c e-con-full e-flex e-con e-child\" data-id=\"8ae8f3c\" data-element_type=\"container\">\n\t\t\t\t<div class=\"elementor-element elementor-element-1664435 elementor-widget elementor-widget-image\" data-id=\"1664435\" data-element_type=\"widget\" data-widget_type=\"image.default\">\n\t\t\t\t<div class=\"elementor-widget-container\">\n\t\t\t\t\t\t\t\t\t\t\t\t\t\t\t<img loading=\"lazy\" decoding=\"async\" width=\"2560\" height=\"1708\" src=\"https:\/\/luispulidomusic.com\/wp-content\/uploads\/2025\/04\/LuisPulido-10-scaled.jpg\" class=\"attachment-full size-full wp-image-56\" alt=\"\" srcset=\"https:\/\/luispulidomusic.com\/wp-content\/uploads\/2025\/04\/LuisPulido-10-scaled.jpg 2560w, https:\/\/luispulidomusic.com\/wp-content\/uploads\/2025\/04\/LuisPulido-10-300x200.jpg 300w, https:\/\/luispulidomusic.com\/wp-content\/uploads\/2025\/04\/LuisPulido-10-1024x683.jpg 1024w, https:\/\/luispulidomusic.com\/wp-content\/uploads\/2025\/04\/LuisPulido-10-768x512.jpg 768w, https:\/\/luispulidomusic.com\/wp-content\/uploads\/2025\/04\/LuisPulido-10-1536x1025.jpg 1536w, https:\/\/luispulidomusic.com\/wp-content\/uploads\/2025\/04\/LuisPulido-10-2048x1366.jpg 2048w\" sizes=\"(max-width: 2560px) 100vw, 2560px\" \/>\t\t\t\t\t\t\t\t\t\t\t\t\t\t\t<\/div>\n\t\t\t\t<\/div>\n\t\t\t\t<\/div>\n\t\t\t\t<\/div>\n\t\t\t\t<\/div>","protected":false},"excerpt":{"rendered":"<p>Biograf\u00eda Luis Pulido Hurtado Nacido en Bogot\u00e1 en 1958, es un destacado compositor, flautista y educador colombiano reconocido por su influyente papel en la m\u00fasica postserial. Su destacada carrera ha sido honrada con prestigiosos galardones como el Premio Nacional de Composici\u00f3n de Colcultura en 1994 y 1995, as\u00ed como el Premio Nacional de Composici\u00f3n otorgado [&hellip;]<\/p>","protected":false},"author":2,"featured_media":0,"parent":0,"menu_order":0,"comment_status":"closed","ping_status":"closed","template":"","meta":{"site-sidebar-layout":"no-sidebar","site-content-layout":"page-builder","ast-site-content-layout":"default","site-content-style":"default","site-sidebar-style":"default","ast-global-header-display":"","ast-banner-title-visibility":"","ast-main-header-display":"","ast-hfb-above-header-display":"","ast-hfb-below-header-display":"","ast-hfb-mobile-header-display":"","site-post-title":"disabled","ast-breadcrumbs-content":"disabled","ast-featured-img":"disabled","footer-sml-layout":"","ast-disable-related-posts":"","theme-transparent-header-meta":"enabled","adv-header-id-meta":"","stick-header-meta":"","header-above-stick-meta":"","header-main-stick-meta":"","header-below-stick-meta":"","astra-migrate-meta-layouts":"default","ast-page-background-enabled":"default","ast-page-background-meta":{"desktop":{"background-color":"","background-image":"","background-repeat":"repeat","background-position":"center center","background-size":"auto","background-attachment":"scroll","background-type":"","background-media":"","overlay-type":"","overlay-color":"","overlay-opacity":"","overlay-gradient":""},"tablet":{"background-color":"","background-image":"","background-repeat":"repeat","background-position":"center center","background-size":"auto","background-attachment":"scroll","background-type":"","background-media":"","overlay-type":"","overlay-color":"","overlay-opacity":"","overlay-gradient":""},"mobile":{"background-color":"","background-image":"","background-repeat":"repeat","background-position":"center center","background-size":"auto","background-attachment":"scroll","background-type":"","background-media":"","overlay-type":"","overlay-color":"","overlay-opacity":"","overlay-gradient":""}},"ast-content-background-meta":{"desktop":{"background-color":"var(--ast-global-color-5)","background-image":"","background-repeat":"repeat","background-position":"center center","background-size":"auto","background-attachment":"scroll","background-type":"","background-media":"","overlay-type":"","overlay-color":"","overlay-opacity":"","overlay-gradient":""},"tablet":{"background-color":"var(--ast-global-color-5)","background-image":"","background-repeat":"repeat","background-position":"center center","background-size":"auto","background-attachment":"scroll","background-type":"","background-media":"","overlay-type":"","overlay-color":"","overlay-opacity":"","overlay-gradient":""},"mobile":{"background-color":"var(--ast-global-color-5)","background-image":"","background-repeat":"repeat","background-position":"center center","background-size":"auto","background-attachment":"scroll","background-type":"","background-media":"","overlay-type":"","overlay-color":"","overlay-opacity":"","overlay-gradient":""}},"footnotes":""},"class_list":["post-394","page","type-page","status-publish","hentry"],"_links":{"self":[{"href":"https:\/\/luispulidomusic.com\/en\/wp-json\/wp\/v2\/pages\/394","targetHints":{"allow":["GET"]}}],"collection":[{"href":"https:\/\/luispulidomusic.com\/en\/wp-json\/wp\/v2\/pages"}],"about":[{"href":"https:\/\/luispulidomusic.com\/en\/wp-json\/wp\/v2\/types\/page"}],"author":[{"embeddable":true,"href":"https:\/\/luispulidomusic.com\/en\/wp-json\/wp\/v2\/users\/2"}],"replies":[{"embeddable":true,"href":"https:\/\/luispulidomusic.com\/en\/wp-json\/wp\/v2\/comments?post=394"}],"version-history":[{"count":102,"href":"https:\/\/luispulidomusic.com\/en\/wp-json\/wp\/v2\/pages\/394\/revisions"}],"predecessor-version":[{"id":1768,"href":"https:\/\/luispulidomusic.com\/en\/wp-json\/wp\/v2\/pages\/394\/revisions\/1768"}],"wp:attachment":[{"href":"https:\/\/luispulidomusic.com\/en\/wp-json\/wp\/v2\/media?parent=394"}],"curies":[{"name":"wp","href":"https:\/\/api.w.org\/{rel}","templated":true}]}}